{"id":1199,"date":"2019-02-11T03:46:12","date_gmt":"2019-02-10T18:46:12","guid":{"rendered":"https:\/\/b-slow.info\/?page_id=1199"},"modified":"2025-10-13T20:03:06","modified_gmt":"2025-10-13T11:03:06","slug":"overseaspartners2","status":"publish","type":"page","link":"https:\/\/www.osakaimc.com\/en\/overseaspartners2\/","title":{"rendered":"Partnership Organisation"},"content":{"rendered":"<h2 class=\"wp-block-heading\">AUSTRIA<\/h2>\n<ul>\n<li><a style=\"color: #00649c; text-decoration: none;\" href=\"http:\/\/www.moz.ac.at\/\" target=\"_blank\" rel=\"noreferrer noopener\">Universit\u00e4t Mozarteum Salzburg<\/a><\/li>\n<li><a style=\"color: #00649c; text-decoration: none;\" href=\"http:\/\/www.moz.ac.at\/en\/kunst\/soak\/index.php\" target=\"_blank\" rel=\"noreferrer noopener\">Internationale Sommerakademie &#8220;Mozarteum&#8221;<\/a><\/li>\n<li><a style=\"color: #00649c; text-decoration: none;\" href=\"http:\/\/www.richard-wagner-konservatorium.at\/\" target=\"_blank\" rel=\"noreferrer noopener\">Richard Wagner Konservatorium<\/a><\/li>\n<li><a style=\"color: #00649c; text-decoration: none;\" href=\"http:\/\/www.fritzkreisler.com\/\" target=\"_blank\" rel=\"noreferrer noopener\">Fritz Kreisler International Violin Competition<\/a><\/li>\n<li><a style=\"color: #00649c; text-decoration: none;\" href=\"http:\/\/www.klaviergalerie.at\/\" target=\"_blank\" rel=\"noreferrer noopener\">Klavier Galerie<\/a><\/li>\n<li><a style=\"color: #00649c; text-decoration: none;\" href=\"http:\/\/www.feurich.com\/\" target=\"_blank\" rel=\"noreferrer noopener\">Feurich<\/a><\/li>\n<\/ul>\n<h2 class=\"wp-block-heading\">CHINA<\/h2>\n<ul>\n<li>Deutscher Irmler (Qingdao) Internationaler Klavierwettbewerb<\/li>\n<\/ul>\n<h2 class=\"wp-block-heading\">FRANCE<\/h2>\n<ul>\n<li><a style=\"color: #00649c; text-decoration: none;\" href=\"http:\/\/www.pianoamateurs.com\/\" target=\"_blank\" rel=\"noreferrer noopener\">Concours International des Grands Amateurs de Piano<\/a><\/li>\n<li><a style=\"color: #00649c; text-decoration: none;\" href=\"http:\/\/www.concoursinternationalleopoldbellan.fr\/\" target=\"_blank\" rel=\"noreferrer noopener\">Concours International Leopold Bellan<\/a><\/li>\n<li><a style=\"color: #00649c; text-decoration: none;\" href=\"http:\/\/www.capferretmusicfestival.com\/\" target=\"_blank\" rel=\"noreferrer noopener\">Cap Ferret Music Festival<\/a><\/li>\n<li><a style=\"color: #00649c; text-decoration: none;\" href=\"http:\/\/www.moulinande.com\/pages\/concerts-spectacles\/festival-alexandre-paley.html\" target=\"_blank\" rel=\"noopener noreferrer\">Festival Alexander PALEY au Moulin d\u2019Ande<\/a><\/li>\n<\/ul>\n<h2 class=\"wp-block-heading\">GERMANY<\/h2>\n<ul>\n<li><a style=\"color: #00649c; text-decoration: none;\" href=\"http:\/\/www.euromusicfestival.com\/\" target=\"_blank\" rel=\"noreferrer noopener\">Euro Music Festival &amp; Academy<\/a><\/li>\n<li><a style=\"color: #00649c; text-decoration: none;\" href=\"http:\/\/www.icom-hamburg.de\/\" target=\"_blank\" rel=\"noreferrer noopener\">International College of Music Hamburg<\/a><\/li>\n<li><a style=\"color: #00649c; text-decoration: none;\" href=\"http:\/\/www.landesmusikakademie-sondershausen.de\/index.php\/veranstaltung.html?id=631\" target=\"_blank\" rel=\"noreferrer noopener\">Th\u00fcringer Landesmusikakademie Sondershausen<\/a><\/li>\n<\/ul>\n<h2 class=\"wp-block-heading\">INDONESIA<\/h2>\n<ul>\n<li><a style=\"color: #00649c; text-decoration: none;\" href=\"https:\/\/www.indonesiainternationalpianocompetition.com\/\" target=\"_blank\" rel=\"noreferrer noopener\">Indonesia International Piano Competition<\/a><\/li>\n<li><a href=\"https:\/\/www.fimointernational.com\">FIMO Musik Internasional<\/a><\/li>\n<\/ul>\n<h2 class=\"wp-block-heading\">ITALY<\/h2>\n<ul>\n<li><a style=\"color: #00649c; text-decoration: none;\" href=\"http:\/\/www.conservatorio.tn.it\" target=\"_blank\" rel=\"noreferrer noopener\">Conservatorio Bonporti Trento<\/a><\/li>\n<li><a style=\"color: #00649c; text-decoration: none;\" href=\"http:\/\/piediluco.megamikomc.com\/\" target=\"_blank\" rel=\"noreferrer noopener\">Festival Villalago di Piediluco Terni<\/a><\/li>\n<li><a style=\"color: #00649c; text-decoration: none;\" href=\"http:\/\/www.italianbrass.com\/en\/home\/\" target=\"_blank\" rel=\"noreferrer noopener\">Italian Brass Week<\/a><\/li>\n<li><a style=\"color: #00649c; text-decoration: none;\" href=\"https:\/\/sites.google.com\/site\/torneomusicale\/\" target=\"_blank\" rel=\"noreferrer noopener\">Torneo Internationale di Musica<\/a><\/li>\n<\/ul>\n<h2 class=\"wp-block-heading\">KOREA<\/h2>\n<ul>\n<li><a style=\"color: #00649c; text-decoration: none;\" href=\"http:\/\/www.yego.or.kr\/\" target=\"_blank\" rel=\"noreferrer noopener\">Soul Arts High School<\/a><\/li>\n<\/ul>\n<h2 class=\"wp-block-heading\">MALTA<\/h2>\n<ul>\n<li><a style=\"color: #00649c; text-decoration: none;\" href=\"http:\/\/www.maltafest.eu\/\" target=\"_blank\" rel=\"noreferrer noopener\">Malta International Music Festival<\/a><\/li>\n<\/ul>\n<h2 class=\"wp-block-heading\">PORTUGAL<\/h2>\n<ul>\n<li><a style=\"color: #00649c; text-decoration: none;\" href=\"https:\/\/coimbraworldpianomeeting.blogspot.jp\/p\/home-page.html\" target=\"_blank\" rel=\"noreferrer noopener\">Coimbra World Piano Meeting<\/a><\/li>\n<\/ul>\n<h2 class=\"wp-block-heading\">SPAIN<\/h2>\n<ul>\n<li><a style=\"color: #00649c; text-decoration: none;\" href=\"http:\/\/www.musicalsummer.eu\/\" target=\"_blank\" rel=\"noreferrer noopener\">&#8220;Musical Summer&#8221; International Festival &amp; Masterclasses<\/a><\/li>\n<\/ul>\n<h2 class=\"wp-block-heading\">THAILAND<\/h2>\n<ul>\n<li><a style=\"color: #00649c; text-decoration: none;\" href=\"http:\/\/www.music.mahidol.ac.th\/tipc\/index.html\" target=\"_blank\" rel=\"noreferrer noopener\">Thailand International Piano Competition<\/a><\/li>\n<\/ul>\n<h2 class=\"wp-block-heading\">U.S.A.<\/h2>\n<ul>\n<li><a style=\"color: #00649c; text-decoration: none;\" href=\"http:\/\/www.gsu.edu\/\" target=\"_blank\" rel=\"noreferrer noopener\">Georgia State University<\/a><\/li>\n<li><a style=\"color: #00649c; text-decoration: none;\" href=\"https:\/\/tfc.edu\/\" target=\"_blank\" rel=\"noreferrer noopener\">Toccoa Falls College<\/a><\/li>\n<li><a style=\"color: #00649c; text-decoration: none;\" href=\"http:\/\/www.chopincompetition.org\/\" target=\"_blank\" rel=\"noreferrer noopener\">Chopin International Piano Competiton Hartford<\/a><\/li>\n<li><a style=\"color: #00649c; text-decoration: none;\" href=\"https:\/\/www.northernlightsmusic.org\/\" target=\"_blank\" rel=\"noreferrer noopener\">Northern Lights International Music Festival<\/a><\/li>\n<li><a style=\"color: #00649c; text-decoration: none;\" href=\"http:\/\/paleymusicfestival.org\/\" target=\"_blank\" rel=\"noreferrer noopener\">Alexander Paley Music Festival<\/a><\/li>\n<\/ul>\n","protected":false},"excerpt":{"rendered":"<p>AUSTRIA Universit\u00e4t Mozarteum Salzburg Internationale Sommerakademie &#8220;Mozarteum&#8221; Richard Wagner Ko [&hellip;]<\/p>\n","protected":false},"author":1,"featured_media":0,"parent":0,"menu_order":9,"comment_status":"closed","ping_status":"closed","template":"","meta":{"_locale":"en_US","_original_post":"102","footnotes":""},"class_list":["post-1199","page","type-page","status-publish","hentry","en-US"],"aioseo_notices":[],"jetpack_sharing_enabled":true,"jetpack_shortlink":"https:\/\/wp.me\/PaJsmD-jl","jetpack-related-posts":[{"id":1188,"url":"https:\/\/www.osakaimc.com\/en\/committee2\/","url_meta":{"origin":1199,"position":0},"title":"Honorary Committee","author":"Staff","date":"","format":false,"excerpt":"AUSTRIA Alexander M\u00dcLLENBACH Professor at Universi\u2026","rel":"","context":"Similar post","block_context":{"text":"Similar post","link":""},"img":{"alt_text":"","src":"","width":0,"height":0},"classes":[]},{"id":102,"url":"https:\/\/www.osakaimc.com\/overseaspartners\/","url_meta":{"origin":1199,"position":1},"title":"\u6d77\u5916\u63d0\u643a\u6a5f\u95a2","author":"Staff","date":"","format":false,"excerpt":"AUSTRIA \u30e2\u30fc\u30c4\u30a1\u30eb\u30c6\u30a6\u30e0\u2003University Mozarteum Salzburg \u30e2\u30fc\u30c4\u2026","rel":"","context":"Similar post","block_context":{"text":"Similar post","link":""},"img":{"alt_text":"","src":"","width":0,"height":0},"classes":[]},{"id":849,"url":"https:\/\/www.osakaimc.com\/links\/","url_meta":{"origin":1199,"position":2},"title":"Links","author":"Staff","date":"","format":false,"excerpt":"Universit\u00e4t Mozarteum SalzburgUniversit\u00e4t f\u00fcr Musi\u2026","rel":"","context":"Similar post","block_context":{"text":"Similar post","link":""},"img":{"alt_text":"","src":"","width":0,"height":0},"classes":[]},{"id":1203,"url":"https:\/\/www.osakaimc.com\/en\/links2\/","url_meta":{"origin":1199,"position":3},"title":"Links","author":"Staff","date":"","format":false,"excerpt":"Universit\u00e4t Mozarteum SalzburgUniversit\u00e4t f\u00fcr Musi\u2026","rel":"","context":"Similar post","block_context":{"text":"Similar post","link":""},"img":{"alt_text":"","src":"","width":0,"height":0},"classes":[]}],"_links":{"self":[{"href":"https:\/\/www.osakaimc.com\/wp-json\/wp\/v2\/pages\/1199","targetHints":{"allow":["GET"]}}],"collection":[{"href":"https:\/\/www.osakaimc.com\/wp-json\/wp\/v2\/pages"}],"about":[{"href":"https:\/\/www.osakaimc.com\/wp-json\/wp\/v2\/types\/page"}],"author":[{"embeddable":true,"href":"https:\/\/www.osakaimc.com\/wp-json\/wp\/v2\/users\/1"}],"replies":[{"embeddable":true,"href":"https:\/\/www.osakaimc.com\/wp-json\/wp\/v2\/comments?post=1199"}],"version-history":[{"count":6,"href":"https:\/\/www.osakaimc.com\/wp-json\/wp\/v2\/pages\/1199\/revisions"}],"predecessor-version":[{"id":15510,"href":"https:\/\/www.osakaimc.com\/wp-json\/wp\/v2\/pages\/1199\/revisions\/15510"}],"wp:attachment":[{"href":"https:\/\/www.osakaimc.com\/wp-json\/wp\/v2\/media?parent=1199"}],"curies":[{"name":"wp","href":"https:\/\/api.w.org\/{rel}","templated":true}]}}